{"id":1105,"date":"2025-01-23T21:03:57","date_gmt":"2025-01-24T00:03:57","guid":{"rendered":"https:\/\/guarai.to.gov.br\/transparencia\/?page_id=1105"},"modified":"2025-01-23T22:09:35","modified_gmt":"2025-01-24T01:09:35","slug":"icms-ecologico","status":"publish","type":"page","link":"https:\/\/guarai.to.gov.br\/transparencia\/icms-ecologico\/","title":{"rendered":"\u00a0ICMS ECOL\u00d3GICO"},"content":{"rendered":"\n<figure class=\"wp-block-image alignleft size-full\"><img fetchpriority=\"high\" decoding=\"async\" width=\"672\" height=\"372\" src=\"https:\/\/guarai.to.gov.br\/transparencia\/wp-content\/uploads\/2025\/01\/icms-ecoogico.jpg\" alt=\"\" class=\"wp-image-1106\" srcset=\"https:\/\/guarai.to.gov.br\/transparencia\/wp-content\/uploads\/2025\/01\/icms-ecoogico.jpg 672w, https:\/\/guarai.to.gov.br\/transparencia\/wp-content\/uploads\/2025\/01\/icms-ecoogico-460x255.jpg 460w, https:\/\/guarai.to.gov.br\/transparencia\/wp-content\/uploads\/2025\/01\/icms-ecoogico-160x89.jpg 160w\" sizes=\"(max-width: 672px) 100vw, 672px\" \/><\/figure>\n\n\n\n<p class=\"wp-block-paragraph\">A Prefeitura Municipal de Guara\u00ed, por meio da Secretaria de Agricultura, Meio Ambiente e Recursos H\u00eddricos, em parceria com a empresa VRP Ambiental, tem o prazer de anunciar um marco significativo na gest\u00e3o ambiental e financeira da cidade: o Resultado Definitivo do ICMS Ecol\u00f3gico 2024 revelou um aumento de 388% no \u00edndice do ICMS Ecol\u00f3gico, representando o melhor resultado da hist\u00f3ria do munic\u00edpio!<\/p>\n\n\n\n<p class=\"wp-block-paragraph\">Esse not\u00e1vel avan\u00e7o se traduz em uma eleva\u00e7\u00e3o de, 854% na pontua\u00e7\u00e3o do ICMS Ecol\u00f3gico, resultando em uma estimativa de repasse aos cofres p\u00fablicos de R$ 1.971.316,00 j\u00e1 em janeiro de 2025, um aumento exponencial em rela\u00e7\u00e3o aos R$ 406 mil reais anuais que o munic\u00edpio recebeu em 2024.<\/p>\n\n\n\n<h2 class=\"wp-block-heading\">Documentos \u2014 Portal da Transpar\u00eancia:<\/h2>\n\n\n\n<div id=\"section-g-e3h3epy\" class=\"wp-block-gutentor-e7 section-g-e3h3epy gutentor-element gutentor-element-list text-align-left-desktop\"><ul class=\"grid-row gutentor-grid-item-wrap list-indicator-image\"><li class=\"gutentor-list-item grid-lg-6 grid-md-12 grid-12\"><span class=\"gutentor-single-item gutentor-single-item-0\"><span class=\"gutentor-list-item-wrap g-s-list-wrap\"><span class=\"gutentor-single-item-image-box\"><div class=\"gutentor-image-thumb\"><img decoding=\"async\" class=\"normal-image\" src=\"https:\/\/guarai.to.gov.br\/transparencia\/wp-content\/uploads\/2025\/01\/icms-ecoogico.jpg\" alt=\"\" height=\"372\" width=\"672\"\/><\/div><\/span><span class=\"gutentor-list-item\"><p class=\"gutentor-single-item-title\"><a href=\"https:\/\/guarai.to.gov.br\/transparencia\/wp-content\/uploads\/2025\/01\/Decreto-de-Regulamentacao-FMMA-e-Lei-FMMA.pdf\">Decreto de Regulamenta\u00e7\u00e3o FMMA e Lei FMMA<\/a><\/p><\/span><\/span><\/span><\/li><li class=\"gutentor-list-item grid-lg-6 grid-md-12 grid-12\"><span class=\"gutentor-single-item gutentor-single-item-1\"><span class=\"gutentor-list-item-wrap g-s-list-wrap\"><span class=\"gutentor-single-item-image-box\"><div class=\"gutentor-image-thumb\"><img decoding=\"async\" class=\"normal-image\" src=\"https:\/\/guarai.to.gov.br\/transparencia\/wp-content\/uploads\/2025\/01\/icms-ecoogico.jpg\" alt=\"\" height=\"372\" width=\"672\"\/><\/div><\/span><span class=\"gutentor-list-item\"><p class=\"gutentor-single-item-title\"><a href=\"https:\/\/guarai.to.gov.br\/transparencia\/wp-content\/uploads\/2025\/01\/Lei-PMMA-Publicada-no-DOM.pdf\">Lei PMMA Publicada no Di\u00e1rio Oficial<\/a><\/p><\/span><\/span><\/span><\/li><li class=\"gutentor-list-item grid-lg-6 grid-md-12 grid-12\"><span class=\"gutentor-single-item gutentor-single-item-2\"><span class=\"gutentor-list-item-wrap g-s-list-wrap\"><span class=\"gutentor-single-item-image-box\"><div class=\"gutentor-image-thumb\"><img decoding=\"async\" class=\"normal-image\" src=\"https:\/\/guarai.to.gov.br\/transparencia\/wp-content\/uploads\/2025\/01\/icms-ecoogico.jpg\" alt=\"\" height=\"372\" width=\"672\"\/><\/div><\/span><span class=\"gutentor-list-item\"><p class=\"gutentor-single-item-title\"><a href=\"https:\/\/guarai.to.gov.br\/transparencia\/wp-content\/uploads\/2025\/01\/Criacao-do-Regimento-Interno-Publicado-CMMA.pdf\">Cria\u00e7\u00e3o do Regimento Interno Publicado CMMA.<\/a><\/p><\/span><\/span><\/span><\/li><li class=\"gutentor-list-item grid-lg-6 grid-md-12 grid-12\"><span class=\"gutentor-single-item gutentor-single-item-3\"><span class=\"gutentor-list-item-wrap g-s-list-wrap\"><span class=\"gutentor-single-item-image-box\"><div class=\"gutentor-image-thumb\"><img decoding=\"async\" class=\"normal-image\" src=\"https:\/\/guarai.to.gov.br\/transparencia\/wp-content\/uploads\/2025\/01\/icms-ecoogico.jpg\" alt=\"\" height=\"372\" width=\"672\"\/><\/div><\/span><span class=\"gutentor-list-item\"><p class=\"gutentor-single-item-title\"><a href=\"https:\/\/guarai.to.gov.br\/transparencia\/wp-content\/uploads\/2025\/01\/Decreto-de-nomeacao-membros-do-Conselho.pdf\">Decreto de nomea\u00e7\u00e3o membros do Conselho.<\/a><\/p><\/span><\/span><\/span><\/li><\/ul><\/div>\n\n\n\n<p class=\"wp-block-paragraph\">COMO FICA O OR\u00c7AMENTO 2025?<br>\u00c9 importante contextualizar que, apesar do excelente resultado com o ICMS Ecol\u00f3gico, a estimativa do or\u00e7amento para 2025 deve considerar uma redu\u00e7\u00e3o de -4% no repasse de ICMS. Essa diminui\u00e7\u00e3o \u00e9 resultado da recupera\u00e7\u00e3o do Valor Adicionado ocasionado pelo \u00cdndice Educacional, al\u00e9m de uma redu\u00e7\u00e3o de 2% na arrecada\u00e7\u00e3o estadual de ICMS observada no Estado do Tocantins.<\/p>\n\n\n\n<ul class=\"wp-block-list\">\n<li><a href=\"https:\/\/guarai.to.gov.br\/transparencia\/resultado-definitivo-do-icms-ecologico-2024-uma-conquista-historica-para-guarai\/\">NOTICIAS &#8211; RESULTADO DEFINITIVO DO ICMS ECOL\u00d3GICO 2024: UMA CONQUISTA HIST\u00d3RICA PARA GUARA\u00cd!<\/a><\/li>\n<\/ul>\n\n\n\n<p class=\"wp-block-paragraph\"><\/p>\n","protected":false},"excerpt":{"rendered":"<p>A Prefeitura Municipal de Guara\u00ed, por meio da Secretaria de Agricultura, Meio Ambiente e Recursos H\u00eddricos, em parceria com a empresa VRP Ambiental, tem o prazer de anunciar um marco significativo na gest\u00e3o ambiental e financeira da cidade: o Resultado Definitivo do ICMS Ecol\u00f3gico 2024 revelou um aumento de 388% no \u00edndice do ICMS Ecol\u00f3gico,&hellip; <a class=\"more-link\" href=\"https:\/\/guarai.to.gov.br\/transparencia\/icms-ecologico\/\">Continue lendo <span class=\"screen-reader-text\">\u00a0ICMS ECOL\u00d3GICO<\/span><\/a><\/p>\n","protected":false},"author":1,"featured_media":1106,"parent":0,"menu_order":0,"comment_status":"closed","ping_status":"closed","template":"","meta":{"_acf_changed":false,"_eb_attr":"","_crdt_document":"","cybocfi_hide_featured_image":"yes","footnotes":""},"class_list":["post-1105","page","type-page","status-publish","has-post-thumbnail","hentry","entry"],"acf":[],"yoast_head":"<!-- This site is optimized with the Yoast SEO Premium plugin v27.3 (Yoast SEO v27.3) - https:\/\/yoast.com\/product\/yoast-seo-premium-wordpress\/ -->\n<title>\u00a0ICMS ECOL\u00d3GICO - Prefeitura Municipal de Guara\u00ed<\/title>\n<meta name=\"robots\" content=\"index, follow, max-snippet:-1, max-image-preview:large, max-video-preview:-1\" \/>\n<link rel=\"canonical\" href=\"https:\/\/guarai.to.gov.br\/transparencia\/icms-ecologico\/\" \/>\n<meta property=\"og:locale\" content=\"pt_BR\" \/>\n<meta property=\"og:type\" content=\"article\" \/>\n<meta property=\"og:title\" content=\"\u00a0ICMS ECOL\u00d3GICO\" \/>\n<meta property=\"og:description\" content=\"A Prefeitura Municipal de Guara\u00ed, por meio da Secretaria de Agricultura, Meio Ambiente e Recursos H\u00eddricos, em parceria com a empresa VRP Ambiental, tem o prazer de anunciar um marco significativo na gest\u00e3o ambiental e financeira da cidade: o Resultado Definitivo do ICMS Ecol\u00f3gico 2024 revelou um aumento de 388% no \u00edndice do ICMS Ecol\u00f3gico,&hellip; Continue lendo \u00a0ICMS ECOL\u00d3GICO\" \/>\n<meta property=\"og:url\" content=\"https:\/\/guarai.to.gov.br\/transparencia\/icms-ecologico\/\" \/>\n<meta property=\"og:site_name\" content=\"Prefeitura Municipal de Guara\u00ed\" \/>\n<meta property=\"article:modified_time\" content=\"2025-01-24T01:09:35+00:00\" \/>\n<meta property=\"og:image\" content=\"https:\/\/guarai.to.gov.br\/transparencia\/wp-content\/uploads\/2025\/01\/icms-ecoogico.jpg\" \/>\n\t<meta property=\"og:image:width\" content=\"672\" \/>\n\t<meta property=\"og:image:height\" content=\"372\" \/>\n\t<meta property=\"og:image:type\" content=\"image\/jpeg\" \/>\n<meta name=\"twitter:card\" content=\"summary_large_image\" \/>\n<meta name=\"twitter:label1\" content=\"Est. tempo de leitura\" \/>\n\t<meta name=\"twitter:data1\" content=\"1 minuto\" \/>\n<script type=\"application\/ld+json\" class=\"yoast-schema-graph\">{\"@context\":\"https:\\\/\\\/schema.org\",\"@graph\":[{\"@type\":\"WebPage\",\"@id\":\"https:\\\/\\\/guarai.to.gov.br\\\/transparencia\\\/icms-ecologico\\\/\",\"url\":\"https:\\\/\\\/guarai.to.gov.br\\\/transparencia\\\/icms-ecologico\\\/\",\"name\":\"\u00a0ICMS ECOL\u00d3GICO - Prefeitura Municipal de Guara\u00ed\",\"isPartOf\":{\"@id\":\"https:\\\/\\\/guarai.to.gov.br\\\/transparencia\\\/#website\"},\"primaryImageOfPage\":{\"@id\":\"https:\\\/\\\/guarai.to.gov.br\\\/transparencia\\\/icms-ecologico\\\/#primaryimage\"},\"image\":{\"@id\":\"https:\\\/\\\/guarai.to.gov.br\\\/transparencia\\\/icms-ecologico\\\/#primaryimage\"},\"thumbnailUrl\":\"https:\\\/\\\/guarai.to.gov.br\\\/transparencia\\\/wp-content\\\/uploads\\\/2025\\\/01\\\/icms-ecoogico.jpg\",\"datePublished\":\"2025-01-24T00:03:57+00:00\",\"dateModified\":\"2025-01-24T01:09:35+00:00\",\"breadcrumb\":{\"@id\":\"https:\\\/\\\/guarai.to.gov.br\\\/transparencia\\\/icms-ecologico\\\/#breadcrumb\"},\"inLanguage\":\"pt-BR\",\"potentialAction\":[{\"@type\":\"ReadAction\",\"target\":[\"https:\\\/\\\/guarai.to.gov.br\\\/transparencia\\\/icms-ecologico\\\/\"]}]},{\"@type\":\"BreadcrumbList\",\"@id\":\"https:\\\/\\\/guarai.to.gov.br\\\/transparencia\\\/icms-ecologico\\\/#breadcrumb\",\"itemListElement\":[{\"@type\":\"ListItem\",\"position\":1,\"name\":\"In\u00edcio\",\"item\":\"https:\\\/\\\/guarai.to.gov.br\\\/transparencia\\\/\"},{\"@type\":\"ListItem\",\"position\":2,\"name\":\"\u00a0ICMS ECOL\u00d3GICO\"}]},{\"@type\":\"WebSite\",\"@id\":\"https:\\\/\\\/guarai.to.gov.br\\\/transparencia\\\/#website\",\"url\":\"https:\\\/\\\/guarai.to.gov.br\\\/transparencia\\\/\",\"name\":\"Prefeitura Municipal de Guara\u00ed\",\"description\":\"\",\"publisher\":{\"@id\":\"https:\\\/\\\/guarai.to.gov.br\\\/transparencia\\\/#organization\"},\"alternateName\":\"https:\\\/\\\/guarai.to.gov.br\\\/transparencia\",\"potentialAction\":[{\"@type\":\"SearchAction\",\"target\":{\"@type\":\"EntryPoint\",\"urlTemplate\":\"https:\\\/\\\/guarai.to.gov.br\\\/transparencia\\\/?s={search_term_string}\"},\"query-input\":{\"@type\":\"PropertyValueSpecification\",\"valueRequired\":true,\"valueName\":\"search_term_string\"}}],\"inLanguage\":\"pt-BR\"},{\"@type\":\"Organization\",\"@id\":\"https:\\\/\\\/guarai.to.gov.br\\\/transparencia\\\/#organization\",\"name\":\"Prefeitura Municipal de Guara\u00ed\",\"alternateName\":\"Prefeitura Municipal de Guara\u00ed\",\"url\":\"https:\\\/\\\/guarai.to.gov.br\\\/transparencia\\\/\",\"logo\":{\"@type\":\"ImageObject\",\"inLanguage\":\"pt-BR\",\"@id\":\"https:\\\/\\\/guarai.to.gov.br\\\/transparencia\\\/#\\\/schema\\\/logo\\\/image\\\/\",\"url\":\"https:\\\/\\\/guarai.to.gov.br\\\/transparencia\\\/wp-content\\\/uploads\\\/2024\\\/11\\\/brasao_atualizado.png\",\"contentUrl\":\"https:\\\/\\\/guarai.to.gov.br\\\/transparencia\\\/wp-content\\\/uploads\\\/2024\\\/11\\\/brasao_atualizado.png\",\"width\":50,\"height\":53,\"caption\":\"Prefeitura Municipal de Guara\u00ed\"},\"image\":{\"@id\":\"https:\\\/\\\/guarai.to.gov.br\\\/transparencia\\\/#\\\/schema\\\/logo\\\/image\\\/\"},\"description\":\"Av. Bernardo Say\u00e3o, S\\\/N - Centro, Guara\u00ed - TO, 77700-000\",\"email\":\"gabinetedoprefeito@guarai.to.gov.br\",\"telephone\":\"6334641030, 6334641018, 34644620\",\"legalName\":\"Prefeitura Municipal de Guara\u00ed\",\"foundingDate\":\"1970-04-11\",\"vatID\":\"02.070.548\\\/0001-33\",\"numberOfEmployees\":{\"@type\":\"QuantitativeValue\",\"minValue\":\"1001\",\"maxValue\":\"5000\"}}]}<\/script>\n<!-- \/ Yoast SEO Premium plugin. -->","yoast_head_json":{"title":"\u00a0ICMS ECOL\u00d3GICO - Prefeitura Municipal de Guara\u00ed","robots":{"index":"index","follow":"follow","max-snippet":"max-snippet:-1","max-image-preview":"max-image-preview:large","max-video-preview":"max-video-preview:-1"},"canonical":"https:\/\/guarai.to.gov.br\/transparencia\/icms-ecologico\/","og_locale":"pt_BR","og_type":"article","og_title":"\u00a0ICMS ECOL\u00d3GICO","og_description":"A Prefeitura Municipal de Guara\u00ed, por meio da Secretaria de Agricultura, Meio Ambiente e Recursos H\u00eddricos, em parceria com a empresa VRP Ambiental, tem o prazer de anunciar um marco significativo na gest\u00e3o ambiental e financeira da cidade: o Resultado Definitivo do ICMS Ecol\u00f3gico 2024 revelou um aumento de 388% no \u00edndice do ICMS Ecol\u00f3gico,&hellip; Continue lendo \u00a0ICMS ECOL\u00d3GICO","og_url":"https:\/\/guarai.to.gov.br\/transparencia\/icms-ecologico\/","og_site_name":"Prefeitura Municipal de Guara\u00ed","article_modified_time":"2025-01-24T01:09:35+00:00","og_image":[{"width":672,"height":372,"url":"https:\/\/guarai.to.gov.br\/transparencia\/wp-content\/uploads\/2025\/01\/icms-ecoogico.jpg","type":"image\/jpeg"}],"twitter_card":"summary_large_image","twitter_misc":{"Est. tempo de leitura":"1 minuto"},"schema":{"@context":"https:\/\/schema.org","@graph":[{"@type":"WebPage","@id":"https:\/\/guarai.to.gov.br\/transparencia\/icms-ecologico\/","url":"https:\/\/guarai.to.gov.br\/transparencia\/icms-ecologico\/","name":"\u00a0ICMS ECOL\u00d3GICO - Prefeitura Municipal de Guara\u00ed","isPartOf":{"@id":"https:\/\/guarai.to.gov.br\/transparencia\/#website"},"primaryImageOfPage":{"@id":"https:\/\/guarai.to.gov.br\/transparencia\/icms-ecologico\/#primaryimage"},"image":{"@id":"https:\/\/guarai.to.gov.br\/transparencia\/icms-ecologico\/#primaryimage"},"thumbnailUrl":"https:\/\/guarai.to.gov.br\/transparencia\/wp-content\/uploads\/2025\/01\/icms-ecoogico.jpg","datePublished":"2025-01-24T00:03:57+00:00","dateModified":"2025-01-24T01:09:35+00:00","breadcrumb":{"@id":"https:\/\/guarai.to.gov.br\/transparencia\/icms-ecologico\/#breadcrumb"},"inLanguage":"pt-BR","potentialAction":[{"@type":"ReadAction","target":["https:\/\/guarai.to.gov.br\/transparencia\/icms-ecologico\/"]}]},{"@type":"BreadcrumbList","@id":"https:\/\/guarai.to.gov.br\/transparencia\/icms-ecologico\/#breadcrumb","itemListElement":[{"@type":"ListItem","position":1,"name":"In\u00edcio","item":"https:\/\/guarai.to.gov.br\/transparencia\/"},{"@type":"ListItem","position":2,"name":"\u00a0ICMS ECOL\u00d3GICO"}]},{"@type":"WebSite","@id":"https:\/\/guarai.to.gov.br\/transparencia\/#website","url":"https:\/\/guarai.to.gov.br\/transparencia\/","name":"Prefeitura Municipal de Guara\u00ed","description":"","publisher":{"@id":"https:\/\/guarai.to.gov.br\/transparencia\/#organization"},"alternateName":"https:\/\/guarai.to.gov.br\/transparencia","potentialAction":[{"@type":"SearchAction","target":{"@type":"EntryPoint","urlTemplate":"https:\/\/guarai.to.gov.br\/transparencia\/?s={search_term_string}"},"query-input":{"@type":"PropertyValueSpecification","valueRequired":true,"valueName":"search_term_string"}}],"inLanguage":"pt-BR"},{"@type":"Organization","@id":"https:\/\/guarai.to.gov.br\/transparencia\/#organization","name":"Prefeitura Municipal de Guara\u00ed","alternateName":"Prefeitura Municipal de Guara\u00ed","url":"https:\/\/guarai.to.gov.br\/transparencia\/","logo":{"@type":"ImageObject","inLanguage":"pt-BR","@id":"https:\/\/guarai.to.gov.br\/transparencia\/#\/schema\/logo\/image\/","url":"https:\/\/guarai.to.gov.br\/transparencia\/wp-content\/uploads\/2024\/11\/brasao_atualizado.png","contentUrl":"https:\/\/guarai.to.gov.br\/transparencia\/wp-content\/uploads\/2024\/11\/brasao_atualizado.png","width":50,"height":53,"caption":"Prefeitura Municipal de Guara\u00ed"},"image":{"@id":"https:\/\/guarai.to.gov.br\/transparencia\/#\/schema\/logo\/image\/"},"description":"Av. Bernardo Say\u00e3o, S\/N - Centro, Guara\u00ed - TO, 77700-000","email":"gabinetedoprefeito@guarai.to.gov.br","telephone":"6334641030, 6334641018, 34644620","legalName":"Prefeitura Municipal de Guara\u00ed","foundingDate":"1970-04-11","vatID":"02.070.548\/0001-33","numberOfEmployees":{"@type":"QuantitativeValue","minValue":"1001","maxValue":"5000"}}]}},"_links":{"self":[{"href":"https:\/\/guarai.to.gov.br\/transparencia\/wp-json\/wp\/v2\/pages\/1105","targetHints":{"allow":["GET"]}}],"collection":[{"href":"https:\/\/guarai.to.gov.br\/transparencia\/wp-json\/wp\/v2\/pages"}],"about":[{"href":"https:\/\/guarai.to.gov.br\/transparencia\/wp-json\/wp\/v2\/types\/page"}],"author":[{"embeddable":true,"href":"https:\/\/guarai.to.gov.br\/transparencia\/wp-json\/wp\/v2\/users\/1"}],"replies":[{"embeddable":true,"href":"https:\/\/guarai.to.gov.br\/transparencia\/wp-json\/wp\/v2\/comments?post=1105"}],"version-history":[{"count":3,"href":"https:\/\/guarai.to.gov.br\/transparencia\/wp-json\/wp\/v2\/pages\/1105\/revisions"}],"predecessor-version":[{"id":1114,"href":"https:\/\/guarai.to.gov.br\/transparencia\/wp-json\/wp\/v2\/pages\/1105\/revisions\/1114"}],"wp:featuredmedia":[{"embeddable":true,"href":"https:\/\/guarai.to.gov.br\/transparencia\/wp-json\/wp\/v2\/media\/1106"}],"wp:attachment":[{"href":"https:\/\/guarai.to.gov.br\/transparencia\/wp-json\/wp\/v2\/media?parent=1105"}],"curies":[{"name":"wp","href":"https:\/\/api.w.org\/{rel}","templated":true}]}}