{"id":208,"date":"2024-11-21T00:13:03","date_gmt":"2024-11-21T00:13:03","guid":{"rendered":"https:\/\/guarai.to.gov.br\/transparencia\/?page_id=208"},"modified":"2025-06-27T09:59:25","modified_gmt":"2025-06-27T12:59:25","slug":"relacao-de-fiscais-de-contratos","status":"publish","type":"page","link":"https:\/\/guarai.to.gov.br\/transparencia\/principal\/licitacoes-e-contratos\/relacao-de-fiscais-de-contratos\/","title":{"rendered":"Rela\u00e7\u00e3o de Fiscais de Contratos"},"content":{"rendered":"\n<iframe src=\"https:\/\/transparencia.guarai.to.gov.br\/contratos-convenios-e-licitacoes\/fiscais-de-contratos\" width=\"100%\" height=\"1000\" frameborder=\"0\" allowfullscreen><\/iframe>\n\n\n\n<p class=\"wp-block-paragraph\"><\/p>\n","protected":false},"excerpt":{"rendered":"","protected":false},"author":1,"featured_media":0,"parent":109,"menu_order":0,"comment_status":"closed","ping_status":"closed","template":"","meta":{"_acf_changed":false,"_eb_attr":"","_crdt_document":"","cybocfi_hide_featured_image":"","footnotes":""},"class_list":["post-208","page","type-page","status-publish","hentry","entry"],"acf":[],"yoast_head":"<!-- This site is optimized with the Yoast SEO Premium plugin v27.3 (Yoast SEO v27.3) - https:\/\/yoast.com\/product\/yoast-seo-premium-wordpress\/ -->\n<title>Rela\u00e7\u00e3o de Fiscais de Contratos - Prefeitura Municipal de Guara\u00ed<\/title>\n<meta name=\"robots\" content=\"index, follow, max-snippet:-1, max-image-preview:large, max-video-preview:-1\" \/>\n<link rel=\"canonical\" href=\"https:\/\/guarai.to.gov.br\/transparencia\/principal\/licitacoes-e-contratos\/relacao-de-fiscais-de-contratos\/\" \/>\n<meta property=\"og:locale\" content=\"pt_BR\" \/>\n<meta property=\"og:type\" content=\"article\" \/>\n<meta property=\"og:title\" content=\"Rela\u00e7\u00e3o de Fiscais de Contratos\" \/>\n<meta property=\"og:url\" content=\"https:\/\/guarai.to.gov.br\/transparencia\/principal\/licitacoes-e-contratos\/relacao-de-fiscais-de-contratos\/\" \/>\n<meta property=\"og:site_name\" content=\"Prefeitura Municipal de Guara\u00ed\" \/>\n<meta property=\"article:modified_time\" content=\"2025-06-27T12:59:25+00:00\" \/>\n<meta name=\"twitter:card\" content=\"summary_large_image\" \/>\n<script type=\"application\/ld+json\" class=\"yoast-schema-graph\">{\"@context\":\"https:\\\/\\\/schema.org\",\"@graph\":[{\"@type\":\"WebPage\",\"@id\":\"https:\\\/\\\/guarai.to.gov.br\\\/transparencia\\\/principal\\\/licitacoes-e-contratos\\\/relacao-de-fiscais-de-contratos\\\/\",\"url\":\"https:\\\/\\\/guarai.to.gov.br\\\/transparencia\\\/principal\\\/licitacoes-e-contratos\\\/relacao-de-fiscais-de-contratos\\\/\",\"name\":\"Rela\u00e7\u00e3o de Fiscais de Contratos - Prefeitura Municipal de Guara\u00ed\",\"isPartOf\":{\"@id\":\"https:\\\/\\\/guarai.to.gov.br\\\/transparencia\\\/#website\"},\"datePublished\":\"2024-11-21T00:13:03+00:00\",\"dateModified\":\"2025-06-27T12:59:25+00:00\",\"breadcrumb\":{\"@id\":\"https:\\\/\\\/guarai.to.gov.br\\\/transparencia\\\/principal\\\/licitacoes-e-contratos\\\/relacao-de-fiscais-de-contratos\\\/#breadcrumb\"},\"inLanguage\":\"pt-BR\",\"potentialAction\":[{\"@type\":\"ReadAction\",\"target\":[\"https:\\\/\\\/guarai.to.gov.br\\\/transparencia\\\/principal\\\/licitacoes-e-contratos\\\/relacao-de-fiscais-de-contratos\\\/\"]}]},{\"@type\":\"BreadcrumbList\",\"@id\":\"https:\\\/\\\/guarai.to.gov.br\\\/transparencia\\\/principal\\\/licitacoes-e-contratos\\\/relacao-de-fiscais-de-contratos\\\/#breadcrumb\",\"itemListElement\":[{\"@type\":\"ListItem\",\"position\":1,\"name\":\"In\u00edcio\",\"item\":\"https:\\\/\\\/guarai.to.gov.br\\\/transparencia\\\/\"},{\"@type\":\"ListItem\",\"position\":2,\"name\":\"P\u00e1gina Principal\",\"item\":\"https:\\\/\\\/guarai.to.gov.br\\\/transparencia\\\/principal\\\/\"},{\"@type\":\"ListItem\",\"position\":3,\"name\":\"Licita\u00e7\u00f5es e Contratos\",\"item\":\"https:\\\/\\\/guarai.to.gov.br\\\/transparencia\\\/principal\\\/licitacoes-e-contratos\\\/\"},{\"@type\":\"ListItem\",\"position\":4,\"name\":\"Rela\u00e7\u00e3o de Fiscais de Contratos\"}]},{\"@type\":\"WebSite\",\"@id\":\"https:\\\/\\\/guarai.to.gov.br\\\/transparencia\\\/#website\",\"url\":\"https:\\\/\\\/guarai.to.gov.br\\\/transparencia\\\/\",\"name\":\"Prefeitura Municipal de Guara\u00ed\",\"description\":\"\",\"publisher\":{\"@id\":\"https:\\\/\\\/guarai.to.gov.br\\\/transparencia\\\/#organization\"},\"alternateName\":\"https:\\\/\\\/guarai.to.gov.br\\\/transparencia\",\"potentialAction\":[{\"@type\":\"SearchAction\",\"target\":{\"@type\":\"EntryPoint\",\"urlTemplate\":\"https:\\\/\\\/guarai.to.gov.br\\\/transparencia\\\/?s={search_term_string}\"},\"query-input\":{\"@type\":\"PropertyValueSpecification\",\"valueRequired\":true,\"valueName\":\"search_term_string\"}}],\"inLanguage\":\"pt-BR\"},{\"@type\":\"Organization\",\"@id\":\"https:\\\/\\\/guarai.to.gov.br\\\/transparencia\\\/#organization\",\"name\":\"Prefeitura Municipal de Guara\u00ed\",\"alternateName\":\"Prefeitura Municipal de Guara\u00ed\",\"url\":\"https:\\\/\\\/guarai.to.gov.br\\\/transparencia\\\/\",\"logo\":{\"@type\":\"ImageObject\",\"inLanguage\":\"pt-BR\",\"@id\":\"https:\\\/\\\/guarai.to.gov.br\\\/transparencia\\\/#\\\/schema\\\/logo\\\/image\\\/\",\"url\":\"https:\\\/\\\/guarai.to.gov.br\\\/transparencia\\\/wp-content\\\/uploads\\\/2024\\\/11\\\/brasao_atualizado.png\",\"contentUrl\":\"https:\\\/\\\/guarai.to.gov.br\\\/transparencia\\\/wp-content\\\/uploads\\\/2024\\\/11\\\/brasao_atualizado.png\",\"width\":50,\"height\":53,\"caption\":\"Prefeitura Municipal de Guara\u00ed\"},\"image\":{\"@id\":\"https:\\\/\\\/guarai.to.gov.br\\\/transparencia\\\/#\\\/schema\\\/logo\\\/image\\\/\"},\"description\":\"Av. Bernardo Say\u00e3o, S\\\/N - Centro, Guara\u00ed - TO, 77700-000\",\"email\":\"gabinetedoprefeito@guarai.to.gov.br\",\"telephone\":\"6334641030, 6334641018, 34644620\",\"legalName\":\"Prefeitura Municipal de Guara\u00ed\",\"foundingDate\":\"1970-04-11\",\"vatID\":\"02.070.548\\\/0001-33\",\"numberOfEmployees\":{\"@type\":\"QuantitativeValue\",\"minValue\":\"1001\",\"maxValue\":\"5000\"}}]}<\/script>\n<!-- \/ Yoast SEO Premium plugin. -->","yoast_head_json":{"title":"Rela\u00e7\u00e3o de Fiscais de Contratos - Prefeitura Municipal de Guara\u00ed","robots":{"index":"index","follow":"follow","max-snippet":"max-snippet:-1","max-image-preview":"max-image-preview:large","max-video-preview":"max-video-preview:-1"},"canonical":"https:\/\/guarai.to.gov.br\/transparencia\/principal\/licitacoes-e-contratos\/relacao-de-fiscais-de-contratos\/","og_locale":"pt_BR","og_type":"article","og_title":"Rela\u00e7\u00e3o de Fiscais de Contratos","og_url":"https:\/\/guarai.to.gov.br\/transparencia\/principal\/licitacoes-e-contratos\/relacao-de-fiscais-de-contratos\/","og_site_name":"Prefeitura Municipal de Guara\u00ed","article_modified_time":"2025-06-27T12:59:25+00:00","twitter_card":"summary_large_image","schema":{"@context":"https:\/\/schema.org","@graph":[{"@type":"WebPage","@id":"https:\/\/guarai.to.gov.br\/transparencia\/principal\/licitacoes-e-contratos\/relacao-de-fiscais-de-contratos\/","url":"https:\/\/guarai.to.gov.br\/transparencia\/principal\/licitacoes-e-contratos\/relacao-de-fiscais-de-contratos\/","name":"Rela\u00e7\u00e3o de Fiscais de Contratos - Prefeitura Municipal de Guara\u00ed","isPartOf":{"@id":"https:\/\/guarai.to.gov.br\/transparencia\/#website"},"datePublished":"2024-11-21T00:13:03+00:00","dateModified":"2025-06-27T12:59:25+00:00","breadcrumb":{"@id":"https:\/\/guarai.to.gov.br\/transparencia\/principal\/licitacoes-e-contratos\/relacao-de-fiscais-de-contratos\/#breadcrumb"},"inLanguage":"pt-BR","potentialAction":[{"@type":"ReadAction","target":["https:\/\/guarai.to.gov.br\/transparencia\/principal\/licitacoes-e-contratos\/relacao-de-fiscais-de-contratos\/"]}]},{"@type":"BreadcrumbList","@id":"https:\/\/guarai.to.gov.br\/transparencia\/principal\/licitacoes-e-contratos\/relacao-de-fiscais-de-contratos\/#breadcrumb","itemListElement":[{"@type":"ListItem","position":1,"name":"In\u00edcio","item":"https:\/\/guarai.to.gov.br\/transparencia\/"},{"@type":"ListItem","position":2,"name":"P\u00e1gina Principal","item":"https:\/\/guarai.to.gov.br\/transparencia\/principal\/"},{"@type":"ListItem","position":3,"name":"Licita\u00e7\u00f5es e Contratos","item":"https:\/\/guarai.to.gov.br\/transparencia\/principal\/licitacoes-e-contratos\/"},{"@type":"ListItem","position":4,"name":"Rela\u00e7\u00e3o de Fiscais de Contratos"}]},{"@type":"WebSite","@id":"https:\/\/guarai.to.gov.br\/transparencia\/#website","url":"https:\/\/guarai.to.gov.br\/transparencia\/","name":"Prefeitura Municipal de Guara\u00ed","description":"","publisher":{"@id":"https:\/\/guarai.to.gov.br\/transparencia\/#organization"},"alternateName":"https:\/\/guarai.to.gov.br\/transparencia","potentialAction":[{"@type":"SearchAction","target":{"@type":"EntryPoint","urlTemplate":"https:\/\/guarai.to.gov.br\/transparencia\/?s={search_term_string}"},"query-input":{"@type":"PropertyValueSpecification","valueRequired":true,"valueName":"search_term_string"}}],"inLanguage":"pt-BR"},{"@type":"Organization","@id":"https:\/\/guarai.to.gov.br\/transparencia\/#organization","name":"Prefeitura Municipal de Guara\u00ed","alternateName":"Prefeitura Municipal de Guara\u00ed","url":"https:\/\/guarai.to.gov.br\/transparencia\/","logo":{"@type":"ImageObject","inLanguage":"pt-BR","@id":"https:\/\/guarai.to.gov.br\/transparencia\/#\/schema\/logo\/image\/","url":"https:\/\/guarai.to.gov.br\/transparencia\/wp-content\/uploads\/2024\/11\/brasao_atualizado.png","contentUrl":"https:\/\/guarai.to.gov.br\/transparencia\/wp-content\/uploads\/2024\/11\/brasao_atualizado.png","width":50,"height":53,"caption":"Prefeitura Municipal de Guara\u00ed"},"image":{"@id":"https:\/\/guarai.to.gov.br\/transparencia\/#\/schema\/logo\/image\/"},"description":"Av. Bernardo Say\u00e3o, S\/N - Centro, Guara\u00ed - TO, 77700-000","email":"gabinetedoprefeito@guarai.to.gov.br","telephone":"6334641030, 6334641018, 34644620","legalName":"Prefeitura Municipal de Guara\u00ed","foundingDate":"1970-04-11","vatID":"02.070.548\/0001-33","numberOfEmployees":{"@type":"QuantitativeValue","minValue":"1001","maxValue":"5000"}}]}},"_links":{"self":[{"href":"https:\/\/guarai.to.gov.br\/transparencia\/wp-json\/wp\/v2\/pages\/208","targetHints":{"allow":["GET"]}}],"collection":[{"href":"https:\/\/guarai.to.gov.br\/transparencia\/wp-json\/wp\/v2\/pages"}],"about":[{"href":"https:\/\/guarai.to.gov.br\/transparencia\/wp-json\/wp\/v2\/types\/page"}],"author":[{"embeddable":true,"href":"https:\/\/guarai.to.gov.br\/transparencia\/wp-json\/wp\/v2\/users\/1"}],"replies":[{"embeddable":true,"href":"https:\/\/guarai.to.gov.br\/transparencia\/wp-json\/wp\/v2\/comments?post=208"}],"version-history":[{"count":2,"href":"https:\/\/guarai.to.gov.br\/transparencia\/wp-json\/wp\/v2\/pages\/208\/revisions"}],"predecessor-version":[{"id":1532,"href":"https:\/\/guarai.to.gov.br\/transparencia\/wp-json\/wp\/v2\/pages\/208\/revisions\/1532"}],"up":[{"embeddable":true,"href":"https:\/\/guarai.to.gov.br\/transparencia\/wp-json\/wp\/v2\/pages\/109"}],"wp:attachment":[{"href":"https:\/\/guarai.to.gov.br\/transparencia\/wp-json\/wp\/v2\/media?parent=208"}],"curies":[{"name":"wp","href":"https:\/\/api.w.org\/{rel}","templated":true}]}}