{"id":270,"date":"2024-11-21T01:41:31","date_gmt":"2024-11-21T01:41:31","guid":{"rendered":"https:\/\/guarai.to.gov.br\/transparencia\/?page_id=270"},"modified":"2025-05-30T11:15:35","modified_gmt":"2025-05-30T14:15:35","slug":"relatorio-das-emendas-parlamentares","status":"publish","type":"page","link":"https:\/\/guarai.to.gov.br\/transparencia\/principal\/renuncias-de-receitas-e-emendas-parlamentares\/relatorio-das-emendas-parlamentares\/","title":{"rendered":"RELAT\u00d3RIO DAS EMENDAS PARLAMENTARES"},"content":{"rendered":"\n<div class=\"wp-block-group has-global-padding is-layout-constrained wp-block-group-is-layout-constrained\">\n<div class=\"wp-block-group has-global-padding is-content-justification-left is-layout-constrained wp-container-core-group-is-layout-09a8ebe5 wp-block-group-is-layout-constrained\">\n<p class=\"wp-block-paragraph\">Dados atualizados em: <\/p>\n<\/div>\n\n\n<div class=\"wp-block-post-date__modified-date wp-block-post-date\"><a href=\"https:\/\/guarai.to.gov.br\/transparencia\/principal\/renuncias-de-receitas-e-emendas-parlamentares\/relatorio-das-emendas-parlamentares\/\"><time datetime=\"2025-05-30T11:15:35-03:00\">30 de maio de 2025<\/time><\/a><\/div>\n\n\n<p class=\"has-scale-up-05-font-size wp-block-paragraph\"><strong>Relat\u00f3rio referente as emendas parlamentares, contendo informa\u00e7\u00f5es sobre a autoria, o valor previsto e realizado, objeto, fun\u00e7\u00e3o de governo.<\/strong><\/p>\n<\/div>\n\n\n\n<p class=\"wp-block-paragraph\">Fundamenta\u00e7\u00e3o: Emenda \u00e0 Constitui\u00e7\u00e3o n\u00ba 105\/2019, Portaria Interministerial ME\/SEGOV n\u00ba 6.411\/2021, art. 19; Nota Recomendat\u00f3ria Atricon n\u00ba 01\/2022; Ac\u00f3rd\u00e3o n\u00ba 518\/2023 \u2013 TCU-Plen\u00e1rio.<\/p>\n\n\n\n<p class=\"wp-block-paragraph\">A emenda parlamentar \u00e9 o instrumento que permite aos deputados e senadores realizarem altera\u00e7\u00f5es no or\u00e7amento anual. As emendas individuais impositivas apresentadas ao projeto de lei or\u00e7ament\u00e1ria anual (PLOA) poder\u00e3o alocar recursos a \u00f3rg\u00e3os ou Poderes ou \u00f3rg\u00e3os da administra\u00e7\u00e3o p\u00fablica direta ou indireta da Uni\u00e3o, dos Estados e Munic\u00edpios e do Distrito Federal, cons\u00f3rcio p\u00fablico, organiza\u00e7\u00e3o da sociedade civil ou servi\u00e7o social aut\u00f4nomo. As emendas s\u00e3o chamadas impositivas porque o Executivo \u00e9 obrigado a execut\u00e1-las quando aprovadas.<\/p>\n\n\n\n<p class=\"wp-block-paragraph\">Nesse ponto, a Prefeitura Municipal de Guara\u00ed \u2013 TO apresenta o relat\u00f3rio de emendas parlamentares sendo poss\u00edvel a pesquisa dos seguintes dados: \u2013 autoria; \u2013 valor previsto; \u2013 valor realizado; \u2013 objeto; \u2013 fun\u00e7\u00e3o de governo.<\/p>\n\n\n\n<div data-wp-interactive=\"core\/file\" class=\"wp-block-file\"><object data-wp-bind--hidden=\"!state.hasPdfPreview\" hidden class=\"wp-block-file__embed\" data=\"https:\/\/guarai.to.gov.br\/transparencia\/wp-content\/uploads\/2025\/05\/RELACAO-POR-CONTA-30-04.pdf\" type=\"application\/pdf\" style=\"width:100%;height:1472px\" aria-label=\"Incorporado de RELA\u00c7\u00c3O POR CONTA 30-04.\"><\/object><a id=\"wp-block-file--media-24be6b27-542e-4e64-88ab-2340b25a1470\" href=\"https:\/\/guarai.to.gov.br\/transparencia\/wp-content\/uploads\/2025\/05\/RELACAO-POR-CONTA-30-04.pdf\" target=\"_blank\" rel=\"noreferrer noopener\">RELA\u00c7\u00c3O POR CONTA 30-04<\/a><a href=\"https:\/\/guarai.to.gov.br\/transparencia\/wp-content\/uploads\/2025\/05\/RELACAO-POR-CONTA-30-04.pdf\" class=\"wp-block-file__button wp-element-button\" download aria-describedby=\"wp-block-file--media-24be6b27-542e-4e64-88ab-2340b25a1470\">Baixar<\/a><\/div>\n\n\n\n<div data-wp-interactive=\"core\/file\" class=\"wp-block-file\"><object data-wp-bind--hidden=\"!state.hasPdfPreview\" hidden class=\"wp-block-file__embed\" data=\"https:\/\/guarai.to.gov.br\/transparencia\/wp-content\/uploads\/2024\/11\/Emenda-da-Uniao.pdf\" type=\"application\/pdf\" style=\"width:100%;height:600px\" aria-label=\"Incorporado de Emenda-da-Uniao.\"><\/object><a id=\"wp-block-file--media-cc1047c5-847b-4006-aee3-4a368c13b631\" href=\"https:\/\/guarai.to.gov.br\/transparencia\/wp-content\/uploads\/2024\/11\/Emenda-da-Uniao.pdf\" target=\"_blank\" rel=\"noreferrer noopener\">Emenda-da-Uniao<\/a><a href=\"https:\/\/guarai.to.gov.br\/transparencia\/wp-content\/uploads\/2024\/11\/Emenda-da-Uniao.pdf\" class=\"wp-block-file__button wp-element-button\" download aria-describedby=\"wp-block-file--media-cc1047c5-847b-4006-aee3-4a368c13b631\">Baixar<\/a><\/div>\n\n\n\n<div data-wp-interactive=\"core\/file\" class=\"wp-block-file\"><object data-wp-bind--hidden=\"!state.hasPdfPreview\" hidden class=\"wp-block-file__embed\" data=\"https:\/\/guarai.to.gov.br\/transparencia\/wp-content\/uploads\/2024\/11\/Emendas-do-Estado.pdf\" type=\"application\/pdf\" style=\"width:100%;height:600px\" aria-label=\"Incorporado de Emendas-do-Estado.\"><\/object><a id=\"wp-block-file--media-a7ad65ee-d6e8-4ac4-85b5-3a6915ed69f7\" href=\"https:\/\/guarai.to.gov.br\/transparencia\/wp-content\/uploads\/2024\/11\/Emendas-do-Estado.pdf\" target=\"_blank\" rel=\"noreferrer noopener\">Emendas-do-Estado<\/a><a href=\"https:\/\/guarai.to.gov.br\/transparencia\/wp-content\/uploads\/2024\/11\/Emendas-do-Estado.pdf\" class=\"wp-block-file__button wp-element-button\" download aria-describedby=\"wp-block-file--media-a7ad65ee-d6e8-4ac4-85b5-3a6915ed69f7\">Baixar<\/a><\/div>\n\n\n\n<div data-wp-interactive=\"core\/file\" class=\"wp-block-file\"><object data-wp-bind--hidden=\"!state.hasPdfPreview\" hidden class=\"wp-block-file__embed\" data=\"https:\/\/guarai.to.gov.br\/transparencia\/wp-content\/uploads\/2024\/11\/Emendas-do-SUS.pdf\" type=\"application\/pdf\" style=\"width:100%;height:600px\" aria-label=\"Incorporado de Emendas-do-SUS.\"><\/object><a id=\"wp-block-file--media-e4a3c2d5-cf50-45b5-9cf1-63c42e0efa1c\" href=\"https:\/\/guarai.to.gov.br\/transparencia\/wp-content\/uploads\/2024\/11\/Emendas-do-SUS.pdf\" target=\"_blank\" rel=\"noreferrer noopener\">Emendas-do-SUS<\/a><a href=\"https:\/\/guarai.to.gov.br\/transparencia\/wp-content\/uploads\/2024\/11\/Emendas-do-SUS.pdf\" class=\"wp-block-file__button wp-element-button\" download aria-describedby=\"wp-block-file--media-e4a3c2d5-cf50-45b5-9cf1-63c42e0efa1c\">Baixar<\/a><\/div>\n\n\n\n<p class=\"wp-block-paragraph\"><\/p>\n","protected":false},"excerpt":{"rendered":"<p>Dados atualizados em: Relat\u00f3rio referente as emendas parlamentares, contendo informa\u00e7\u00f5es sobre a autoria, o valor previsto e realizado, objeto, fun\u00e7\u00e3o de governo. Fundamenta\u00e7\u00e3o: Emenda \u00e0 Constitui\u00e7\u00e3o n\u00ba 105\/2019, Portaria Interministerial ME\/SEGOV n\u00ba 6.411\/2021, art. 19; Nota Recomendat\u00f3ria Atricon n\u00ba 01\/2022; Ac\u00f3rd\u00e3o n\u00ba 518\/2023 \u2013 TCU-Plen\u00e1rio. A emenda parlamentar \u00e9 o instrumento que permite aos deputados&hellip; <a class=\"more-link\" href=\"https:\/\/guarai.to.gov.br\/transparencia\/principal\/renuncias-de-receitas-e-emendas-parlamentares\/relatorio-das-emendas-parlamentares\/\">Continue lendo <span class=\"screen-reader-text\">RELAT\u00d3RIO DAS EMENDAS PARLAMENTARES<\/span><\/a><\/p>\n","protected":false},"author":1,"featured_media":275,"parent":119,"menu_order":0,"comment_status":"closed","ping_status":"closed","template":"","meta":{"_acf_changed":false,"_eb_attr":"","_crdt_document":"","cybocfi_hide_featured_image":"","footnotes":""},"class_list":["post-270","page","type-page","status-publish","has-post-thumbnail","hentry","entry"],"acf":[],"yoast_head":"<!-- This site is optimized with the Yoast SEO Premium plugin v27.3 (Yoast SEO v27.3) - https:\/\/yoast.com\/product\/yoast-seo-premium-wordpress\/ -->\n<title>RELAT\u00d3RIO DAS EMENDAS PARLAMENTARES - Prefeitura Municipal de Guara\u00ed<\/title>\n<meta name=\"robots\" content=\"index, follow, max-snippet:-1, max-image-preview:large, max-video-preview:-1\" \/>\n<link rel=\"canonical\" href=\"https:\/\/guarai.to.gov.br\/transparencia\/principal\/renuncias-de-receitas-e-emendas-parlamentares\/relatorio-das-emendas-parlamentares\/\" \/>\n<meta property=\"og:locale\" content=\"pt_BR\" \/>\n<meta property=\"og:type\" content=\"article\" \/>\n<meta property=\"og:title\" content=\"RELAT\u00d3RIO DAS EMENDAS PARLAMENTARES\" \/>\n<meta property=\"og:description\" content=\"Dados atualizados em: Relat\u00f3rio referente as emendas parlamentares, contendo informa\u00e7\u00f5es sobre a autoria, o valor previsto e realizado, objeto, fun\u00e7\u00e3o de governo. Fundamenta\u00e7\u00e3o: Emenda \u00e0 Constitui\u00e7\u00e3o n\u00ba 105\/2019, Portaria Interministerial ME\/SEGOV n\u00ba 6.411\/2021, art. 19; Nota Recomendat\u00f3ria Atricon n\u00ba 01\/2022; Ac\u00f3rd\u00e3o n\u00ba 518\/2023 \u2013 TCU-Plen\u00e1rio. A emenda parlamentar \u00e9 o instrumento que permite aos deputados&hellip; Continue lendo RELAT\u00d3RIO DAS EMENDAS PARLAMENTARES\" \/>\n<meta property=\"og:url\" content=\"https:\/\/guarai.to.gov.br\/transparencia\/principal\/renuncias-de-receitas-e-emendas-parlamentares\/relatorio-das-emendas-parlamentares\/\" \/>\n<meta property=\"og:site_name\" content=\"Prefeitura Municipal de Guara\u00ed\" \/>\n<meta property=\"article:modified_time\" content=\"2025-05-30T14:15:35+00:00\" \/>\n<meta property=\"og:image\" content=\"https:\/\/guarai.to.gov.br\/transparencia\/wp-content\/uploads\/2024\/11\/uploads-meuci-p4m-images-2024-05-relatorio-das-emendas-parlamentares-exercicio-de-2023-2024-05-21-14-187d667513717392dc61ab1d46.jpg\" \/>\n\t<meta property=\"og:image:width\" content=\"750\" \/>\n\t<meta property=\"og:image:height\" content=\"371\" \/>\n\t<meta property=\"og:image:type\" content=\"image\/jpeg\" \/>\n<meta name=\"twitter:card\" content=\"summary_large_image\" \/>\n<meta name=\"twitter:label1\" content=\"Est. tempo de leitura\" \/>\n\t<meta name=\"twitter:data1\" content=\"2 minutos\" \/>\n<script type=\"application\/ld+json\" class=\"yoast-schema-graph\">{\"@context\":\"https:\\\/\\\/schema.org\",\"@graph\":[{\"@type\":\"WebPage\",\"@id\":\"https:\\\/\\\/guarai.to.gov.br\\\/transparencia\\\/principal\\\/renuncias-de-receitas-e-emendas-parlamentares\\\/relatorio-das-emendas-parlamentares\\\/\",\"url\":\"https:\\\/\\\/guarai.to.gov.br\\\/transparencia\\\/principal\\\/renuncias-de-receitas-e-emendas-parlamentares\\\/relatorio-das-emendas-parlamentares\\\/\",\"name\":\"RELAT\u00d3RIO DAS EMENDAS PARLAMENTARES - Prefeitura Municipal de Guara\u00ed\",\"isPartOf\":{\"@id\":\"https:\\\/\\\/guarai.to.gov.br\\\/transparencia\\\/#website\"},\"primaryImageOfPage\":{\"@id\":\"https:\\\/\\\/guarai.to.gov.br\\\/transparencia\\\/principal\\\/renuncias-de-receitas-e-emendas-parlamentares\\\/relatorio-das-emendas-parlamentares\\\/#primaryimage\"},\"image\":{\"@id\":\"https:\\\/\\\/guarai.to.gov.br\\\/transparencia\\\/principal\\\/renuncias-de-receitas-e-emendas-parlamentares\\\/relatorio-das-emendas-parlamentares\\\/#primaryimage\"},\"thumbnailUrl\":\"https:\\\/\\\/guarai.to.gov.br\\\/transparencia\\\/wp-content\\\/uploads\\\/2024\\\/11\\\/uploads-meuci-p4m-images-2024-05-relatorio-das-emendas-parlamentares-exercicio-de-2023-2024-05-21-14-187d667513717392dc61ab1d46.jpg\",\"datePublished\":\"2024-11-21T01:41:31+00:00\",\"dateModified\":\"2025-05-30T14:15:35+00:00\",\"breadcrumb\":{\"@id\":\"https:\\\/\\\/guarai.to.gov.br\\\/transparencia\\\/principal\\\/renuncias-de-receitas-e-emendas-parlamentares\\\/relatorio-das-emendas-parlamentares\\\/#breadcrumb\"},\"inLanguage\":\"pt-BR\",\"potentialAction\":[{\"@type\":\"ReadAction\",\"target\":[\"https:\\\/\\\/guarai.to.gov.br\\\/transparencia\\\/principal\\\/renuncias-de-receitas-e-emendas-parlamentares\\\/relatorio-das-emendas-parlamentares\\\/\"]}]},{\"@type\":\"ImageObject\",\"inLanguage\":\"pt-BR\",\"@id\":\"https:\\\/\\\/guarai.to.gov.br\\\/transparencia\\\/principal\\\/renuncias-de-receitas-e-emendas-parlamentares\\\/relatorio-das-emendas-parlamentares\\\/#primaryimage\",\"url\":\"https:\\\/\\\/guarai.to.gov.br\\\/transparencia\\\/wp-content\\\/uploads\\\/2024\\\/11\\\/uploads-meuci-p4m-images-2024-05-relatorio-das-emendas-parlamentares-exercicio-de-2023-2024-05-21-14-187d667513717392dc61ab1d46.jpg\",\"contentUrl\":\"https:\\\/\\\/guarai.to.gov.br\\\/transparencia\\\/wp-content\\\/uploads\\\/2024\\\/11\\\/uploads-meuci-p4m-images-2024-05-relatorio-das-emendas-parlamentares-exercicio-de-2023-2024-05-21-14-187d667513717392dc61ab1d46.jpg\",\"width\":750,\"height\":371},{\"@type\":\"BreadcrumbList\",\"@id\":\"https:\\\/\\\/guarai.to.gov.br\\\/transparencia\\\/principal\\\/renuncias-de-receitas-e-emendas-parlamentares\\\/relatorio-das-emendas-parlamentares\\\/#breadcrumb\",\"itemListElement\":[{\"@type\":\"ListItem\",\"position\":1,\"name\":\"In\u00edcio\",\"item\":\"https:\\\/\\\/guarai.to.gov.br\\\/transparencia\\\/\"},{\"@type\":\"ListItem\",\"position\":2,\"name\":\"P\u00e1gina Principal\",\"item\":\"https:\\\/\\\/guarai.to.gov.br\\\/transparencia\\\/principal\\\/\"},{\"@type\":\"ListItem\",\"position\":3,\"name\":\"Ren\u00fancias de Receitas e Emendas Parlamentares\",\"item\":\"https:\\\/\\\/guarai.to.gov.br\\\/transparencia\\\/principal\\\/renuncias-de-receitas-e-emendas-parlamentares\\\/\"},{\"@type\":\"ListItem\",\"position\":4,\"name\":\"RELAT\u00d3RIO DAS EMENDAS PARLAMENTARES\"}]},{\"@type\":\"WebSite\",\"@id\":\"https:\\\/\\\/guarai.to.gov.br\\\/transparencia\\\/#website\",\"url\":\"https:\\\/\\\/guarai.to.gov.br\\\/transparencia\\\/\",\"name\":\"Prefeitura Municipal de Guara\u00ed\",\"description\":\"\",\"publisher\":{\"@id\":\"https:\\\/\\\/guarai.to.gov.br\\\/transparencia\\\/#organization\"},\"alternateName\":\"https:\\\/\\\/guarai.to.gov.br\\\/transparencia\",\"potentialAction\":[{\"@type\":\"SearchAction\",\"target\":{\"@type\":\"EntryPoint\",\"urlTemplate\":\"https:\\\/\\\/guarai.to.gov.br\\\/transparencia\\\/?s={search_term_string}\"},\"query-input\":{\"@type\":\"PropertyValueSpecification\",\"valueRequired\":true,\"valueName\":\"search_term_string\"}}],\"inLanguage\":\"pt-BR\"},{\"@type\":\"Organization\",\"@id\":\"https:\\\/\\\/guarai.to.gov.br\\\/transparencia\\\/#organization\",\"name\":\"Prefeitura Municipal de Guara\u00ed\",\"alternateName\":\"Prefeitura Municipal de Guara\u00ed\",\"url\":\"https:\\\/\\\/guarai.to.gov.br\\\/transparencia\\\/\",\"logo\":{\"@type\":\"ImageObject\",\"inLanguage\":\"pt-BR\",\"@id\":\"https:\\\/\\\/guarai.to.gov.br\\\/transparencia\\\/#\\\/schema\\\/logo\\\/image\\\/\",\"url\":\"https:\\\/\\\/guarai.to.gov.br\\\/transparencia\\\/wp-content\\\/uploads\\\/2024\\\/11\\\/brasao_atualizado.png\",\"contentUrl\":\"https:\\\/\\\/guarai.to.gov.br\\\/transparencia\\\/wp-content\\\/uploads\\\/2024\\\/11\\\/brasao_atualizado.png\",\"width\":50,\"height\":53,\"caption\":\"Prefeitura Municipal de Guara\u00ed\"},\"image\":{\"@id\":\"https:\\\/\\\/guarai.to.gov.br\\\/transparencia\\\/#\\\/schema\\\/logo\\\/image\\\/\"},\"description\":\"Av. Bernardo Say\u00e3o, S\\\/N - Centro, Guara\u00ed - TO, 77700-000\",\"email\":\"gabinetedoprefeito@guarai.to.gov.br\",\"telephone\":\"6334641030, 6334641018, 34644620\",\"legalName\":\"Prefeitura Municipal de Guara\u00ed\",\"foundingDate\":\"1970-04-11\",\"vatID\":\"02.070.548\\\/0001-33\",\"numberOfEmployees\":{\"@type\":\"QuantitativeValue\",\"minValue\":\"1001\",\"maxValue\":\"5000\"}}]}<\/script>\n<!-- \/ Yoast SEO Premium plugin. -->","yoast_head_json":{"title":"RELAT\u00d3RIO DAS EMENDAS PARLAMENTARES - Prefeitura Municipal de Guara\u00ed","robots":{"index":"index","follow":"follow","max-snippet":"max-snippet:-1","max-image-preview":"max-image-preview:large","max-video-preview":"max-video-preview:-1"},"canonical":"https:\/\/guarai.to.gov.br\/transparencia\/principal\/renuncias-de-receitas-e-emendas-parlamentares\/relatorio-das-emendas-parlamentares\/","og_locale":"pt_BR","og_type":"article","og_title":"RELAT\u00d3RIO DAS EMENDAS PARLAMENTARES","og_description":"Dados atualizados em: Relat\u00f3rio referente as emendas parlamentares, contendo informa\u00e7\u00f5es sobre a autoria, o valor previsto e realizado, objeto, fun\u00e7\u00e3o de governo. Fundamenta\u00e7\u00e3o: Emenda \u00e0 Constitui\u00e7\u00e3o n\u00ba 105\/2019, Portaria Interministerial ME\/SEGOV n\u00ba 6.411\/2021, art. 19; Nota Recomendat\u00f3ria Atricon n\u00ba 01\/2022; Ac\u00f3rd\u00e3o n\u00ba 518\/2023 \u2013 TCU-Plen\u00e1rio. A emenda parlamentar \u00e9 o instrumento que permite aos deputados&hellip; Continue lendo RELAT\u00d3RIO DAS EMENDAS PARLAMENTARES","og_url":"https:\/\/guarai.to.gov.br\/transparencia\/principal\/renuncias-de-receitas-e-emendas-parlamentares\/relatorio-das-emendas-parlamentares\/","og_site_name":"Prefeitura Municipal de Guara\u00ed","article_modified_time":"2025-05-30T14:15:35+00:00","og_image":[{"width":750,"height":371,"url":"https:\/\/guarai.to.gov.br\/transparencia\/wp-content\/uploads\/2024\/11\/uploads-meuci-p4m-images-2024-05-relatorio-das-emendas-parlamentares-exercicio-de-2023-2024-05-21-14-187d667513717392dc61ab1d46.jpg","type":"image\/jpeg"}],"twitter_card":"summary_large_image","twitter_misc":{"Est. tempo de leitura":"2 minutos"},"schema":{"@context":"https:\/\/schema.org","@graph":[{"@type":"WebPage","@id":"https:\/\/guarai.to.gov.br\/transparencia\/principal\/renuncias-de-receitas-e-emendas-parlamentares\/relatorio-das-emendas-parlamentares\/","url":"https:\/\/guarai.to.gov.br\/transparencia\/principal\/renuncias-de-receitas-e-emendas-parlamentares\/relatorio-das-emendas-parlamentares\/","name":"RELAT\u00d3RIO DAS EMENDAS PARLAMENTARES - Prefeitura Municipal de Guara\u00ed","isPartOf":{"@id":"https:\/\/guarai.to.gov.br\/transparencia\/#website"},"primaryImageOfPage":{"@id":"https:\/\/guarai.to.gov.br\/transparencia\/principal\/renuncias-de-receitas-e-emendas-parlamentares\/relatorio-das-emendas-parlamentares\/#primaryimage"},"image":{"@id":"https:\/\/guarai.to.gov.br\/transparencia\/principal\/renuncias-de-receitas-e-emendas-parlamentares\/relatorio-das-emendas-parlamentares\/#primaryimage"},"thumbnailUrl":"https:\/\/guarai.to.gov.br\/transparencia\/wp-content\/uploads\/2024\/11\/uploads-meuci-p4m-images-2024-05-relatorio-das-emendas-parlamentares-exercicio-de-2023-2024-05-21-14-187d667513717392dc61ab1d46.jpg","datePublished":"2024-11-21T01:41:31+00:00","dateModified":"2025-05-30T14:15:35+00:00","breadcrumb":{"@id":"https:\/\/guarai.to.gov.br\/transparencia\/principal\/renuncias-de-receitas-e-emendas-parlamentares\/relatorio-das-emendas-parlamentares\/#breadcrumb"},"inLanguage":"pt-BR","potentialAction":[{"@type":"ReadAction","target":["https:\/\/guarai.to.gov.br\/transparencia\/principal\/renuncias-de-receitas-e-emendas-parlamentares\/relatorio-das-emendas-parlamentares\/"]}]},{"@type":"ImageObject","inLanguage":"pt-BR","@id":"https:\/\/guarai.to.gov.br\/transparencia\/principal\/renuncias-de-receitas-e-emendas-parlamentares\/relatorio-das-emendas-parlamentares\/#primaryimage","url":"https:\/\/guarai.to.gov.br\/transparencia\/wp-content\/uploads\/2024\/11\/uploads-meuci-p4m-images-2024-05-relatorio-das-emendas-parlamentares-exercicio-de-2023-2024-05-21-14-187d667513717392dc61ab1d46.jpg","contentUrl":"https:\/\/guarai.to.gov.br\/transparencia\/wp-content\/uploads\/2024\/11\/uploads-meuci-p4m-images-2024-05-relatorio-das-emendas-parlamentares-exercicio-de-2023-2024-05-21-14-187d667513717392dc61ab1d46.jpg","width":750,"height":371},{"@type":"BreadcrumbList","@id":"https:\/\/guarai.to.gov.br\/transparencia\/principal\/renuncias-de-receitas-e-emendas-parlamentares\/relatorio-das-emendas-parlamentares\/#breadcrumb","itemListElement":[{"@type":"ListItem","position":1,"name":"In\u00edcio","item":"https:\/\/guarai.to.gov.br\/transparencia\/"},{"@type":"ListItem","position":2,"name":"P\u00e1gina Principal","item":"https:\/\/guarai.to.gov.br\/transparencia\/principal\/"},{"@type":"ListItem","position":3,"name":"Ren\u00fancias de Receitas e Emendas Parlamentares","item":"https:\/\/guarai.to.gov.br\/transparencia\/principal\/renuncias-de-receitas-e-emendas-parlamentares\/"},{"@type":"ListItem","position":4,"name":"RELAT\u00d3RIO DAS EMENDAS PARLAMENTARES"}]},{"@type":"WebSite","@id":"https:\/\/guarai.to.gov.br\/transparencia\/#website","url":"https:\/\/guarai.to.gov.br\/transparencia\/","name":"Prefeitura Municipal de Guara\u00ed","description":"","publisher":{"@id":"https:\/\/guarai.to.gov.br\/transparencia\/#organization"},"alternateName":"https:\/\/guarai.to.gov.br\/transparencia","potentialAction":[{"@type":"SearchAction","target":{"@type":"EntryPoint","urlTemplate":"https:\/\/guarai.to.gov.br\/transparencia\/?s={search_term_string}"},"query-input":{"@type":"PropertyValueSpecification","valueRequired":true,"valueName":"search_term_string"}}],"inLanguage":"pt-BR"},{"@type":"Organization","@id":"https:\/\/guarai.to.gov.br\/transparencia\/#organization","name":"Prefeitura Municipal de Guara\u00ed","alternateName":"Prefeitura Municipal de Guara\u00ed","url":"https:\/\/guarai.to.gov.br\/transparencia\/","logo":{"@type":"ImageObject","inLanguage":"pt-BR","@id":"https:\/\/guarai.to.gov.br\/transparencia\/#\/schema\/logo\/image\/","url":"https:\/\/guarai.to.gov.br\/transparencia\/wp-content\/uploads\/2024\/11\/brasao_atualizado.png","contentUrl":"https:\/\/guarai.to.gov.br\/transparencia\/wp-content\/uploads\/2024\/11\/brasao_atualizado.png","width":50,"height":53,"caption":"Prefeitura Municipal de Guara\u00ed"},"image":{"@id":"https:\/\/guarai.to.gov.br\/transparencia\/#\/schema\/logo\/image\/"},"description":"Av. Bernardo Say\u00e3o, S\/N - Centro, Guara\u00ed - TO, 77700-000","email":"gabinetedoprefeito@guarai.to.gov.br","telephone":"6334641030, 6334641018, 34644620","legalName":"Prefeitura Municipal de Guara\u00ed","foundingDate":"1970-04-11","vatID":"02.070.548\/0001-33","numberOfEmployees":{"@type":"QuantitativeValue","minValue":"1001","maxValue":"5000"}}]}},"_links":{"self":[{"href":"https:\/\/guarai.to.gov.br\/transparencia\/wp-json\/wp\/v2\/pages\/270","targetHints":{"allow":["GET"]}}],"collection":[{"href":"https:\/\/guarai.to.gov.br\/transparencia\/wp-json\/wp\/v2\/pages"}],"about":[{"href":"https:\/\/guarai.to.gov.br\/transparencia\/wp-json\/wp\/v2\/types\/page"}],"author":[{"embeddable":true,"href":"https:\/\/guarai.to.gov.br\/transparencia\/wp-json\/wp\/v2\/users\/1"}],"replies":[{"embeddable":true,"href":"https:\/\/guarai.to.gov.br\/transparencia\/wp-json\/wp\/v2\/comments?post=270"}],"version-history":[{"count":5,"href":"https:\/\/guarai.to.gov.br\/transparencia\/wp-json\/wp\/v2\/pages\/270\/revisions"}],"predecessor-version":[{"id":1357,"href":"https:\/\/guarai.to.gov.br\/transparencia\/wp-json\/wp\/v2\/pages\/270\/revisions\/1357"}],"up":[{"embeddable":true,"href":"https:\/\/guarai.to.gov.br\/transparencia\/wp-json\/wp\/v2\/pages\/119"}],"wp:featuredmedia":[{"embeddable":true,"href":"https:\/\/guarai.to.gov.br\/transparencia\/wp-json\/wp\/v2\/media\/275"}],"wp:attachment":[{"href":"https:\/\/guarai.to.gov.br\/transparencia\/wp-json\/wp\/v2\/media?parent=270"}],"curies":[{"name":"wp","href":"https:\/\/api.w.org\/{rel}","templated":true}]}}