{"id":284,"date":"2024-11-21T01:58:28","date_gmt":"2024-11-21T01:58:28","guid":{"rendered":"https:\/\/guarai.to.gov.br\/transparencia\/?page_id=284"},"modified":"2025-06-26T11:05:53","modified_gmt":"2025-06-26T14:05:53","slug":"lista-de-medicamentos-fornecidos-pelo-sus","status":"publish","type":"page","link":"https:\/\/guarai.to.gov.br\/transparencia\/principal\/saude\/lista-de-medicamentos-fornecidos-pelo-sus\/","title":{"rendered":"Lista de Medicamentos Fornecidos pelo SUS"},"content":{"rendered":"\n<h2 class=\"wp-block-heading\">Programa de Medicamento Fornecidos no SUS<\/h2>\n\n\n\n<p class=\"wp-block-paragraph\"><strong>DESCRI\u00c7\u00c3O:<\/strong><\/p>\n\n\n\n<p class=\"wp-block-paragraph\">A disponibilidade de medicamentos no Sistema \u00danico de Sa\u00fade (SUS) no Brasil \u00e9 regulada pelos Componentes da Assist\u00eancia Farmac\u00eautica, que s\u00e3o divididos em tr\u00eas categorias distintas:<\/p>\n\n\n\n<ul class=\"wp-block-list\">\n<li><strong>Componente B\u00e1sico<\/strong>: este componente \u00e9 respons\u00e1vel por garantir o acesso aos medicamentos essenciais para a aten\u00e7\u00e3o b\u00e1sica \u00e0 sa\u00fade, como aqueles usados no tratamento de doen\u00e7as comuns e cr\u00f4nicas. Os medicamentos s\u00e3o disponibilizados em unidades de sa\u00fade da aten\u00e7\u00e3o prim\u00e1ria, como postos de sa\u00fade e centros de sa\u00fade.<\/li>\n\n\n\n<li><strong>Componente Estrat\u00e9gico:<\/strong>\u00a0este componente \u00e9 voltado para medicamentos utilizados em programas de sa\u00fade espec\u00edficos, geralmente relacionados a a\u00e7\u00f5es de combate a doen\u00e7as end\u00eamicas, campanhas de vacina\u00e7\u00e3o, preven\u00e7\u00e3o de doen\u00e7as, entre outros. Os medicamentos deste componente s\u00e3o distribu\u00eddos em locais estrat\u00e9gicos segundo as necessidades de cada programa.<\/li>\n\n\n\n<li><strong>Componente Especializado:&nbsp;<\/strong>neste componente est\u00e3o inclu\u00eddos medicamentos de alto custo e complexidade, geralmente usados no tratamento de doen\u00e7as raras, cr\u00f4nicas ou graves. A disponibiliza\u00e7\u00e3o desses medicamentos \u00e9 feita em centros de refer\u00eancia e hospitais especializados. A lista de medicamentos do Componente Especializado \u00e9 atualizada periodicamente pelo Minist\u00e9rio da Sa\u00fade.<\/li>\n<\/ul>\n\n\n\n<p class=\"wp-block-paragraph\">Cada componente tem seu pr\u00f3prio financiamento e regulamenta\u00e7\u00e3o espec\u00edfica, e os crit\u00e9rios para acesso a medicamentos variam conforme a categoria e a necessidade cl\u00ednica do paciente. O objetivo geral desses componentes \u00e9 garantir que a popula\u00e7\u00e3o tenha acesso a uma gama adequada de medicamentos, de acordo com suas necessidades de sa\u00fade, enquanto se administra eficientemente os recursos dispon\u00edveis no sistema de sa\u00fade brasileiro.<\/p>\n\n\n\n<p class=\"wp-block-paragraph\"><strong>LISTA ATUALIZADA DE MEDICAMENTOS DISPON\u00cdVEIS:<\/strong><\/p>\n\n\n\n<ul class=\"wp-block-list\">\n<li><strong>REMUME \u2013 Rela\u00e7\u00e3o Municipal de Medicamentos:\u00a0<\/strong>lista de medicamentos adquiridos pelo munic\u00edpio. Para verifica\u00e7\u00e3o da lista dos medicamentos acesse\u00a0aqui a REMUME\u00a0:\u00a0<a href=\"https:\/\/drive.google.com\/file\/d\/1XF2Fff1Of_x2lAB21B5sA5svo6ok-7Jb\/view\">(CLIQUE AQUI)<\/a><\/li>\n<\/ul>\n\n\n\n<p class=\"wp-block-paragraph\"><\/p>\n","protected":false},"excerpt":{"rendered":"<p>Programa de Medicamento Fornecidos no SUS DESCRI\u00c7\u00c3O: A disponibilidade de medicamentos no Sistema \u00danico de Sa\u00fade (SUS) no Brasil \u00e9 regulada pelos Componentes da Assist\u00eancia Farmac\u00eautica, que s\u00e3o divididos em tr\u00eas categorias distintas: Cada componente tem seu pr\u00f3prio financiamento e regulamenta\u00e7\u00e3o espec\u00edfica, e os crit\u00e9rios para acesso a medicamentos variam conforme a categoria e a&hellip; <a class=\"more-link\" href=\"https:\/\/guarai.to.gov.br\/transparencia\/principal\/saude\/lista-de-medicamentos-fornecidos-pelo-sus\/\">Continue lendo <span class=\"screen-reader-text\">Lista de Medicamentos Fornecidos pelo SUS<\/span><\/a><\/p>\n","protected":false},"author":1,"featured_media":285,"parent":121,"menu_order":0,"comment_status":"closed","ping_status":"closed","template":"","meta":{"_acf_changed":false,"_eb_attr":"","_crdt_document":"","cybocfi_hide_featured_image":"","footnotes":""},"class_list":["post-284","page","type-page","status-publish","has-post-thumbnail","hentry","entry"],"acf":[],"yoast_head":"<!-- This site is optimized with the Yoast SEO Premium plugin v27.3 (Yoast SEO v27.3) - https:\/\/yoast.com\/product\/yoast-seo-premium-wordpress\/ -->\n<title>Lista de Medicamentos Fornecidos pelo SUS - Prefeitura Municipal de Guara\u00ed<\/title>\n<meta name=\"robots\" content=\"index, follow, max-snippet:-1, max-image-preview:large, max-video-preview:-1\" \/>\n<link rel=\"canonical\" href=\"https:\/\/guarai.to.gov.br\/transparencia\/principal\/saude\/lista-de-medicamentos-fornecidos-pelo-sus\/\" \/>\n<meta property=\"og:locale\" content=\"pt_BR\" \/>\n<meta property=\"og:type\" content=\"article\" \/>\n<meta property=\"og:title\" content=\"Lista de Medicamentos Fornecidos pelo SUS\" \/>\n<meta property=\"og:description\" content=\"Programa de Medicamento Fornecidos no SUS DESCRI\u00c7\u00c3O: A disponibilidade de medicamentos no Sistema \u00danico de Sa\u00fade (SUS) no Brasil \u00e9 regulada pelos Componentes da Assist\u00eancia Farmac\u00eautica, que s\u00e3o divididos em tr\u00eas categorias distintas: Cada componente tem seu pr\u00f3prio financiamento e regulamenta\u00e7\u00e3o espec\u00edfica, e os crit\u00e9rios para acesso a medicamentos variam conforme a categoria e a&hellip; Continue lendo Lista de Medicamentos Fornecidos pelo SUS\" \/>\n<meta property=\"og:url\" content=\"https:\/\/guarai.to.gov.br\/transparencia\/principal\/saude\/lista-de-medicamentos-fornecidos-pelo-sus\/\" \/>\n<meta property=\"og:site_name\" content=\"Prefeitura Municipal de Guara\u00ed\" \/>\n<meta property=\"article:modified_time\" content=\"2025-06-26T14:05:53+00:00\" \/>\n<meta property=\"og:image\" content=\"https:\/\/guarai.to.gov.br\/transparencia\/wp-content\/uploads\/2024\/11\/Post-Farmacia-03-460x108-1.jpg\" \/>\n\t<meta property=\"og:image:width\" content=\"460\" \/>\n\t<meta property=\"og:image:height\" content=\"108\" \/>\n\t<meta property=\"og:image:type\" content=\"image\/jpeg\" \/>\n<meta name=\"twitter:card\" content=\"summary_large_image\" \/>\n<meta name=\"twitter:label1\" content=\"Est. tempo de leitura\" \/>\n\t<meta name=\"twitter:data1\" content=\"2 minutos\" \/>\n<script type=\"application\/ld+json\" class=\"yoast-schema-graph\">{\"@context\":\"https:\\\/\\\/schema.org\",\"@graph\":[{\"@type\":\"WebPage\",\"@id\":\"https:\\\/\\\/guarai.to.gov.br\\\/transparencia\\\/principal\\\/saude\\\/lista-de-medicamentos-fornecidos-pelo-sus\\\/\",\"url\":\"https:\\\/\\\/guarai.to.gov.br\\\/transparencia\\\/principal\\\/saude\\\/lista-de-medicamentos-fornecidos-pelo-sus\\\/\",\"name\":\"Lista de Medicamentos Fornecidos pelo SUS - Prefeitura Municipal de Guara\u00ed\",\"isPartOf\":{\"@id\":\"https:\\\/\\\/guarai.to.gov.br\\\/transparencia\\\/#website\"},\"primaryImageOfPage\":{\"@id\":\"https:\\\/\\\/guarai.to.gov.br\\\/transparencia\\\/principal\\\/saude\\\/lista-de-medicamentos-fornecidos-pelo-sus\\\/#primaryimage\"},\"image\":{\"@id\":\"https:\\\/\\\/guarai.to.gov.br\\\/transparencia\\\/principal\\\/saude\\\/lista-de-medicamentos-fornecidos-pelo-sus\\\/#primaryimage\"},\"thumbnailUrl\":\"https:\\\/\\\/guarai.to.gov.br\\\/transparencia\\\/wp-content\\\/uploads\\\/2024\\\/11\\\/Post-Farmacia-03-460x108-1.jpg\",\"datePublished\":\"2024-11-21T01:58:28+00:00\",\"dateModified\":\"2025-06-26T14:05:53+00:00\",\"breadcrumb\":{\"@id\":\"https:\\\/\\\/guarai.to.gov.br\\\/transparencia\\\/principal\\\/saude\\\/lista-de-medicamentos-fornecidos-pelo-sus\\\/#breadcrumb\"},\"inLanguage\":\"pt-BR\",\"potentialAction\":[{\"@type\":\"ReadAction\",\"target\":[\"https:\\\/\\\/guarai.to.gov.br\\\/transparencia\\\/principal\\\/saude\\\/lista-de-medicamentos-fornecidos-pelo-sus\\\/\"]}]},{\"@type\":\"ImageObject\",\"inLanguage\":\"pt-BR\",\"@id\":\"https:\\\/\\\/guarai.to.gov.br\\\/transparencia\\\/principal\\\/saude\\\/lista-de-medicamentos-fornecidos-pelo-sus\\\/#primaryimage\",\"url\":\"https:\\\/\\\/guarai.to.gov.br\\\/transparencia\\\/wp-content\\\/uploads\\\/2024\\\/11\\\/Post-Farmacia-03-460x108-1.jpg\",\"contentUrl\":\"https:\\\/\\\/guarai.to.gov.br\\\/transparencia\\\/wp-content\\\/uploads\\\/2024\\\/11\\\/Post-Farmacia-03-460x108-1.jpg\",\"width\":460,\"height\":108},{\"@type\":\"BreadcrumbList\",\"@id\":\"https:\\\/\\\/guarai.to.gov.br\\\/transparencia\\\/principal\\\/saude\\\/lista-de-medicamentos-fornecidos-pelo-sus\\\/#breadcrumb\",\"itemListElement\":[{\"@type\":\"ListItem\",\"position\":1,\"name\":\"In\u00edcio\",\"item\":\"https:\\\/\\\/guarai.to.gov.br\\\/transparencia\\\/\"},{\"@type\":\"ListItem\",\"position\":2,\"name\":\"P\u00e1gina Principal\",\"item\":\"https:\\\/\\\/guarai.to.gov.br\\\/transparencia\\\/principal\\\/\"},{\"@type\":\"ListItem\",\"position\":3,\"name\":\"Sa\u00fade\",\"item\":\"https:\\\/\\\/guarai.to.gov.br\\\/transparencia\\\/principal\\\/saude\\\/\"},{\"@type\":\"ListItem\",\"position\":4,\"name\":\"Lista de Medicamentos Fornecidos pelo SUS\"}]},{\"@type\":\"WebSite\",\"@id\":\"https:\\\/\\\/guarai.to.gov.br\\\/transparencia\\\/#website\",\"url\":\"https:\\\/\\\/guarai.to.gov.br\\\/transparencia\\\/\",\"name\":\"Prefeitura Municipal de Guara\u00ed\",\"description\":\"\",\"publisher\":{\"@id\":\"https:\\\/\\\/guarai.to.gov.br\\\/transparencia\\\/#organization\"},\"alternateName\":\"https:\\\/\\\/guarai.to.gov.br\\\/transparencia\",\"potentialAction\":[{\"@type\":\"SearchAction\",\"target\":{\"@type\":\"EntryPoint\",\"urlTemplate\":\"https:\\\/\\\/guarai.to.gov.br\\\/transparencia\\\/?s={search_term_string}\"},\"query-input\":{\"@type\":\"PropertyValueSpecification\",\"valueRequired\":true,\"valueName\":\"search_term_string\"}}],\"inLanguage\":\"pt-BR\"},{\"@type\":\"Organization\",\"@id\":\"https:\\\/\\\/guarai.to.gov.br\\\/transparencia\\\/#organization\",\"name\":\"Prefeitura Municipal de Guara\u00ed\",\"alternateName\":\"Prefeitura Municipal de Guara\u00ed\",\"url\":\"https:\\\/\\\/guarai.to.gov.br\\\/transparencia\\\/\",\"logo\":{\"@type\":\"ImageObject\",\"inLanguage\":\"pt-BR\",\"@id\":\"https:\\\/\\\/guarai.to.gov.br\\\/transparencia\\\/#\\\/schema\\\/logo\\\/image\\\/\",\"url\":\"https:\\\/\\\/guarai.to.gov.br\\\/transparencia\\\/wp-content\\\/uploads\\\/2024\\\/11\\\/brasao_atualizado.png\",\"contentUrl\":\"https:\\\/\\\/guarai.to.gov.br\\\/transparencia\\\/wp-content\\\/uploads\\\/2024\\\/11\\\/brasao_atualizado.png\",\"width\":50,\"height\":53,\"caption\":\"Prefeitura Municipal de Guara\u00ed\"},\"image\":{\"@id\":\"https:\\\/\\\/guarai.to.gov.br\\\/transparencia\\\/#\\\/schema\\\/logo\\\/image\\\/\"},\"description\":\"Av. Bernardo Say\u00e3o, S\\\/N - Centro, Guara\u00ed - TO, 77700-000\",\"email\":\"gabinetedoprefeito@guarai.to.gov.br\",\"telephone\":\"6334641030, 6334641018, 34644620\",\"legalName\":\"Prefeitura Municipal de Guara\u00ed\",\"foundingDate\":\"1970-04-11\",\"vatID\":\"02.070.548\\\/0001-33\",\"numberOfEmployees\":{\"@type\":\"QuantitativeValue\",\"minValue\":\"1001\",\"maxValue\":\"5000\"}}]}<\/script>\n<!-- \/ Yoast SEO Premium plugin. -->","yoast_head_json":{"title":"Lista de Medicamentos Fornecidos pelo SUS - Prefeitura Municipal de Guara\u00ed","robots":{"index":"index","follow":"follow","max-snippet":"max-snippet:-1","max-image-preview":"max-image-preview:large","max-video-preview":"max-video-preview:-1"},"canonical":"https:\/\/guarai.to.gov.br\/transparencia\/principal\/saude\/lista-de-medicamentos-fornecidos-pelo-sus\/","og_locale":"pt_BR","og_type":"article","og_title":"Lista de Medicamentos Fornecidos pelo SUS","og_description":"Programa de Medicamento Fornecidos no SUS DESCRI\u00c7\u00c3O: A disponibilidade de medicamentos no Sistema \u00danico de Sa\u00fade (SUS) no Brasil \u00e9 regulada pelos Componentes da Assist\u00eancia Farmac\u00eautica, que s\u00e3o divididos em tr\u00eas categorias distintas: Cada componente tem seu pr\u00f3prio financiamento e regulamenta\u00e7\u00e3o espec\u00edfica, e os crit\u00e9rios para acesso a medicamentos variam conforme a categoria e a&hellip; Continue lendo Lista de Medicamentos Fornecidos pelo SUS","og_url":"https:\/\/guarai.to.gov.br\/transparencia\/principal\/saude\/lista-de-medicamentos-fornecidos-pelo-sus\/","og_site_name":"Prefeitura Municipal de Guara\u00ed","article_modified_time":"2025-06-26T14:05:53+00:00","og_image":[{"width":460,"height":108,"url":"https:\/\/guarai.to.gov.br\/transparencia\/wp-content\/uploads\/2024\/11\/Post-Farmacia-03-460x108-1.jpg","type":"image\/jpeg"}],"twitter_card":"summary_large_image","twitter_misc":{"Est. tempo de leitura":"2 minutos"},"schema":{"@context":"https:\/\/schema.org","@graph":[{"@type":"WebPage","@id":"https:\/\/guarai.to.gov.br\/transparencia\/principal\/saude\/lista-de-medicamentos-fornecidos-pelo-sus\/","url":"https:\/\/guarai.to.gov.br\/transparencia\/principal\/saude\/lista-de-medicamentos-fornecidos-pelo-sus\/","name":"Lista de Medicamentos Fornecidos pelo SUS - Prefeitura Municipal de Guara\u00ed","isPartOf":{"@id":"https:\/\/guarai.to.gov.br\/transparencia\/#website"},"primaryImageOfPage":{"@id":"https:\/\/guarai.to.gov.br\/transparencia\/principal\/saude\/lista-de-medicamentos-fornecidos-pelo-sus\/#primaryimage"},"image":{"@id":"https:\/\/guarai.to.gov.br\/transparencia\/principal\/saude\/lista-de-medicamentos-fornecidos-pelo-sus\/#primaryimage"},"thumbnailUrl":"https:\/\/guarai.to.gov.br\/transparencia\/wp-content\/uploads\/2024\/11\/Post-Farmacia-03-460x108-1.jpg","datePublished":"2024-11-21T01:58:28+00:00","dateModified":"2025-06-26T14:05:53+00:00","breadcrumb":{"@id":"https:\/\/guarai.to.gov.br\/transparencia\/principal\/saude\/lista-de-medicamentos-fornecidos-pelo-sus\/#breadcrumb"},"inLanguage":"pt-BR","potentialAction":[{"@type":"ReadAction","target":["https:\/\/guarai.to.gov.br\/transparencia\/principal\/saude\/lista-de-medicamentos-fornecidos-pelo-sus\/"]}]},{"@type":"ImageObject","inLanguage":"pt-BR","@id":"https:\/\/guarai.to.gov.br\/transparencia\/principal\/saude\/lista-de-medicamentos-fornecidos-pelo-sus\/#primaryimage","url":"https:\/\/guarai.to.gov.br\/transparencia\/wp-content\/uploads\/2024\/11\/Post-Farmacia-03-460x108-1.jpg","contentUrl":"https:\/\/guarai.to.gov.br\/transparencia\/wp-content\/uploads\/2024\/11\/Post-Farmacia-03-460x108-1.jpg","width":460,"height":108},{"@type":"BreadcrumbList","@id":"https:\/\/guarai.to.gov.br\/transparencia\/principal\/saude\/lista-de-medicamentos-fornecidos-pelo-sus\/#breadcrumb","itemListElement":[{"@type":"ListItem","position":1,"name":"In\u00edcio","item":"https:\/\/guarai.to.gov.br\/transparencia\/"},{"@type":"ListItem","position":2,"name":"P\u00e1gina Principal","item":"https:\/\/guarai.to.gov.br\/transparencia\/principal\/"},{"@type":"ListItem","position":3,"name":"Sa\u00fade","item":"https:\/\/guarai.to.gov.br\/transparencia\/principal\/saude\/"},{"@type":"ListItem","position":4,"name":"Lista de Medicamentos Fornecidos pelo SUS"}]},{"@type":"WebSite","@id":"https:\/\/guarai.to.gov.br\/transparencia\/#website","url":"https:\/\/guarai.to.gov.br\/transparencia\/","name":"Prefeitura Municipal de Guara\u00ed","description":"","publisher":{"@id":"https:\/\/guarai.to.gov.br\/transparencia\/#organization"},"alternateName":"https:\/\/guarai.to.gov.br\/transparencia","potentialAction":[{"@type":"SearchAction","target":{"@type":"EntryPoint","urlTemplate":"https:\/\/guarai.to.gov.br\/transparencia\/?s={search_term_string}"},"query-input":{"@type":"PropertyValueSpecification","valueRequired":true,"valueName":"search_term_string"}}],"inLanguage":"pt-BR"},{"@type":"Organization","@id":"https:\/\/guarai.to.gov.br\/transparencia\/#organization","name":"Prefeitura Municipal de Guara\u00ed","alternateName":"Prefeitura Municipal de Guara\u00ed","url":"https:\/\/guarai.to.gov.br\/transparencia\/","logo":{"@type":"ImageObject","inLanguage":"pt-BR","@id":"https:\/\/guarai.to.gov.br\/transparencia\/#\/schema\/logo\/image\/","url":"https:\/\/guarai.to.gov.br\/transparencia\/wp-content\/uploads\/2024\/11\/brasao_atualizado.png","contentUrl":"https:\/\/guarai.to.gov.br\/transparencia\/wp-content\/uploads\/2024\/11\/brasao_atualizado.png","width":50,"height":53,"caption":"Prefeitura Municipal de Guara\u00ed"},"image":{"@id":"https:\/\/guarai.to.gov.br\/transparencia\/#\/schema\/logo\/image\/"},"description":"Av. Bernardo Say\u00e3o, S\/N - Centro, Guara\u00ed - TO, 77700-000","email":"gabinetedoprefeito@guarai.to.gov.br","telephone":"6334641030, 6334641018, 34644620","legalName":"Prefeitura Municipal de Guara\u00ed","foundingDate":"1970-04-11","vatID":"02.070.548\/0001-33","numberOfEmployees":{"@type":"QuantitativeValue","minValue":"1001","maxValue":"5000"}}]}},"_links":{"self":[{"href":"https:\/\/guarai.to.gov.br\/transparencia\/wp-json\/wp\/v2\/pages\/284","targetHints":{"allow":["GET"]}}],"collection":[{"href":"https:\/\/guarai.to.gov.br\/transparencia\/wp-json\/wp\/v2\/pages"}],"about":[{"href":"https:\/\/guarai.to.gov.br\/transparencia\/wp-json\/wp\/v2\/types\/page"}],"author":[{"embeddable":true,"href":"https:\/\/guarai.to.gov.br\/transparencia\/wp-json\/wp\/v2\/users\/1"}],"replies":[{"embeddable":true,"href":"https:\/\/guarai.to.gov.br\/transparencia\/wp-json\/wp\/v2\/comments?post=284"}],"version-history":[{"count":4,"href":"https:\/\/guarai.to.gov.br\/transparencia\/wp-json\/wp\/v2\/pages\/284\/revisions"}],"predecessor-version":[{"id":1492,"href":"https:\/\/guarai.to.gov.br\/transparencia\/wp-json\/wp\/v2\/pages\/284\/revisions\/1492"}],"up":[{"embeddable":true,"href":"https:\/\/guarai.to.gov.br\/transparencia\/wp-json\/wp\/v2\/pages\/121"}],"wp:featuredmedia":[{"embeddable":true,"href":"https:\/\/guarai.to.gov.br\/transparencia\/wp-json\/wp\/v2\/media\/285"}],"wp:attachment":[{"href":"https:\/\/guarai.to.gov.br\/transparencia\/wp-json\/wp\/v2\/media?parent=284"}],"curies":[{"name":"wp","href":"https:\/\/api.w.org\/{rel}","templated":true}]}}